{"id":5,"date":"2008-01-06T13:25:56","date_gmt":"2008-01-06T12:25:56","guid":{"rendered":"https:\/\/nbox.org\/ze\/?page_id=2"},"modified":"2008-01-06T13:25:56","modified_gmt":"2008-01-06T12:25:56","slug":"a-propos","status":"publish","type":"page","link":"http:\/\/blogs.nbox.org\/ze\/a-propos\/","title":{"rendered":"Contact"},"content":{"rendered":"<h2>Me contacter:<\/h2>\n<ul>\n<li>Vous pouvez exercer votre droit de r\u00e9ponse en \u00e9crivant \u00e0 une adresse sp\u00e9cifique: ze(point)ddr(arobase)nbox.org <strong>ET<\/strong> vous devez mettre dans le sujet le mot <strong>DDR<\/strong> en majuscules.<\/li>\n<li>Pour tout probl\u00e8me concernant la s\u00e9curit\u00e9 \u00e9crivez \u00e0 security(arobase)nbox.org <strong>ET<\/strong> mettez dans le sujet de votre mail le mot <strong>SECURITE<\/strong> en majuscules.<\/li>\n<li>Pour tout le reste, vous pouvez me contacter directement par courrier \u00e9lectronique \u00e0 l&rsquo;adresse \u00ab\u00a0ze <em>arobase<\/em> nbox <em>point<\/em> org\u00a0\u00bb.<\/li>\n<\/ul>\n<h2>GnuPG:<\/h2>\n<p align=\"justify\">Vous pouvez utiliser ma cl\u00e9 publique GPG \/ PGP afin d&rsquo;encrypter votre message.<\/p>\n<p align=\"justify\">Ma cl\u00e9 publique est disponible:<\/p>\n<ul>\n<li> sur les serveurs PGP du MIT <a href=\"http:\/\/pgp.mit.edu:11371\/pks\/lookup?op=get&amp;search=0x72E7DE9E\" target=\"_blank\">0x72E7DE9E<\/a><\/li>\n<li><a title=\"Cl\u00e9 GPG\" href=\"https:\/\/nbox.org\/ze\/a-propos\/ma-cle-gpg-0x72e7de9e\">sur ce serveur<\/a><\/li>\n<\/ul>\n<p align=\"justify\">L&#8217;empreinte de ma cl\u00e9 publique est:<\/p>\n<p align=\"justify\">A2F4 1EFB 66B6 65F8 1093  E11A 3E0A 9DF6 72E7 DE9E<\/p>\n","protected":false},"excerpt":{"rendered":"<p>Me contacter: Vous pouvez exercer votre droit de r\u00e9ponse en \u00e9crivant \u00e0 une adresse sp\u00e9cifique: ze(point)ddr(arobase)nbox.org ET vous devez mettre dans le sujet le mot DDR en majuscules. Pour tout probl\u00e8me concernant la s\u00e9curit\u00e9 \u00e9crivez \u00e0 security(arobase)nbox.org ET mettez dans le sujet de votre mail le mot SECURITE en majuscules. Pour tout le reste, vous [&hellip;]<\/p>\n","protected":false},"author":1,"featured_media":0,"parent":0,"menu_order":1,"comment_status":"closed","ping_status":"closed","template":"","meta":{"footnotes":""},"class_list":["post-5","page","type-page","status-publish","hentry"],"jetpack_sharing_enabled":true,"_links":{"self":[{"href":"http:\/\/blogs.nbox.org\/ze\/wp-json\/wp\/v2\/pages\/5","targetHints":{"allow":["GET"]}}],"collection":[{"href":"http:\/\/blogs.nbox.org\/ze\/wp-json\/wp\/v2\/pages"}],"about":[{"href":"http:\/\/blogs.nbox.org\/ze\/wp-json\/wp\/v2\/types\/page"}],"author":[{"embeddable":true,"href":"http:\/\/blogs.nbox.org\/ze\/wp-json\/wp\/v2\/users\/1"}],"replies":[{"embeddable":true,"href":"http:\/\/blogs.nbox.org\/ze\/wp-json\/wp\/v2\/comments?post=5"}],"version-history":[{"count":0,"href":"http:\/\/blogs.nbox.org\/ze\/wp-json\/wp\/v2\/pages\/5\/revisions"}],"wp:attachment":[{"href":"http:\/\/blogs.nbox.org\/ze\/wp-json\/wp\/v2\/media?parent=5"}],"curies":[{"name":"wp","href":"https:\/\/api.w.org\/{rel}","templated":true}]}}